{"id":173,"date":"2025-02-25T17:52:17","date_gmt":"2025-02-25T17:52:17","guid":{"rendered":"http:\/\/stefanschwarck.de\/?page_id=173"},"modified":"2025-02-26T08:51:48","modified_gmt":"2025-02-26T08:51:48","slug":"texte-fuer-kinder","status":"publish","type":"page","link":"http:\/\/stefanschwarck.de\/?page_id=173","title":{"rendered":"texte f\u00fcr kinder"},"content":{"rendered":"\n<p>F\u00fcr Kinder zu schreiben, ist die gr\u00f6\u00dfte Herausforderung. Und wenn es den Kindern gef\u00e4llt, ist es die gr\u00f6\u00dfte Belohnung.<\/p>\n\n\n\n<figure class=\"wp-block-image size-large\"><img loading=\"lazy\" decoding=\"async\" width=\"768\" height=\"1024\" src=\"http:\/\/stefanschwarck.de\/wp-content\/uploads\/2025\/02\/signal-2021-11-12-11-59-49-068-1-768x1024.jpg\" alt=\"\" class=\"wp-image-190\" srcset=\"http:\/\/stefanschwarck.de\/wp-content\/uploads\/2025\/02\/signal-2021-11-12-11-59-49-068-1-768x1024.jpg 768w, http:\/\/stefanschwarck.de\/wp-content\/uploads\/2025\/02\/signal-2021-11-12-11-59-49-068-1-225x300.jpg 225w, http:\/\/stefanschwarck.de\/wp-content\/uploads\/2025\/02\/signal-2021-11-12-11-59-49-068-1-1152x1536.jpg 1152w, http:\/\/stefanschwarck.de\/wp-content\/uploads\/2025\/02\/signal-2021-11-12-11-59-49-068-1.jpg 1536w\" sizes=\"auto, (max-width: 767px) 89vw, (max-width: 1000px) 54vw, (max-width: 1071px) 543px, 580px\" \/><\/figure>\n\n\n\n<p>Vorlesen ist gro\u00dfartig! Wenn Ihr m\u00f6chtet, k\u00f6nnt Ihr mich f\u00fcr Lesungen buchen. In der Kita, in der Schule, zum Geburtstag. Je nach Altersgruppe wird die Textauswahl unterschiedlich sein. Alle Lesungen sind auch Mitmach-Lesungen. Fragt mich einfach.<\/p>\n\n\n\n<p>Neben zahlreichen Gedichten &amp; Geschichten f\u00fcr Kinder, die ich am liebsten live vortrage, sind von mir bisher zwei Kinderb\u00fccher erschienen:<\/p>\n\n\n\n<div class=\"wp-block-media-text is-stacked-on-mobile\"><figure class=\"wp-block-media-text__media\"><img loading=\"lazy\" decoding=\"async\" width=\"1024\" height=\"1024\" src=\"http:\/\/stefanschwarck.de\/wp-content\/uploads\/2025\/02\/Titel-Klein-1024x1024.jpg\" alt=\"\" class=\"wp-image-177 size-full\" srcset=\"http:\/\/stefanschwarck.de\/wp-content\/uploads\/2025\/02\/Titel-Klein-1024x1024.jpg 1024w, http:\/\/stefanschwarck.de\/wp-content\/uploads\/2025\/02\/Titel-Klein-300x300.jpg 300w, http:\/\/stefanschwarck.de\/wp-content\/uploads\/2025\/02\/Titel-Klein-150x150.jpg 150w, http:\/\/stefanschwarck.de\/wp-content\/uploads\/2025\/02\/Titel-Klein-768x768.jpg 768w, http:\/\/stefanschwarck.de\/wp-content\/uploads\/2025\/02\/Titel-Klein-1536x1536.jpg 1536w, http:\/\/stefanschwarck.de\/wp-content\/uploads\/2025\/02\/Titel-Klein-100x100.jpg 100w, http:\/\/stefanschwarck.de\/wp-content\/uploads\/2025\/02\/Titel-Klein.jpg 2000w\" sizes=\"auto, (max-width: 767px) 89vw, (max-width: 1000px) 54vw, (max-width: 1071px) 543px, 580px\" \/><\/figure><div class=\"wp-block-media-text__content\">\n<p><strong>Die kleine F\u00e4hre &#8211; ein Trostpflasterb\u00fcchlein<\/strong><\/p>\n\n\n\n<p>Dieses Buch ist \u00fcber die <a href=\"http:\/\/stiftungdieblauestadt.de\" data-type=\"link\" data-id=\"stiftungdieblauestadt.de\">&#8222;Stiftung Die blaue Stadt&#8220;<\/a> gegen Spende erh\u00e4ltlich.<\/p>\n<\/div><\/div>\n\n\n\n<div class=\"wp-block-media-text is-stacked-on-mobile\"><figure class=\"wp-block-media-text__media\"><img loading=\"lazy\" decoding=\"async\" width=\"640\" height=\"1024\" src=\"http:\/\/stefanschwarck.de\/wp-content\/uploads\/2025\/02\/Buchtitel-v.01-vorne-640x1024.jpg\" alt=\"\" class=\"wp-image-178 size-full\" srcset=\"http:\/\/stefanschwarck.de\/wp-content\/uploads\/2025\/02\/Buchtitel-v.01-vorne-640x1024.jpg 640w, http:\/\/stefanschwarck.de\/wp-content\/uploads\/2025\/02\/Buchtitel-v.01-vorne-187x300.jpg 187w, http:\/\/stefanschwarck.de\/wp-content\/uploads\/2025\/02\/Buchtitel-v.01-vorne-768x1229.jpg 768w, http:\/\/stefanschwarck.de\/wp-content\/uploads\/2025\/02\/Buchtitel-v.01-vorne-960x1536.jpg 960w, http:\/\/stefanschwarck.de\/wp-content\/uploads\/2025\/02\/Buchtitel-v.01-vorne-1280x2048.jpg 1280w, http:\/\/stefanschwarck.de\/wp-content\/uploads\/2025\/02\/Buchtitel-v.01-vorne-scaled.jpg 1600w\" sizes=\"auto, (max-width: 640px) 100vw, 640px\" \/><\/figure><div class=\"wp-block-media-text__content\">\n<p><strong>Frosty, der stinkende Waldb\u00e4r<\/strong><\/p>\n\n\n\n<p>24 spannende Geschichten aus dem Wald. <\/p>\n\n\n\n<p>12,90 Euro. <br>Der Erl\u00f6s aus dem Verkauf geht an die &#8222;Stiftung Die blaue Stadt&#8220; <\/p>\n\n\n\n<p>ISBN 9 783911 685009 <\/p>\n<\/div><\/div>\n\n\n\n<p><\/p>\n","protected":false},"excerpt":{"rendered":"<p>F\u00fcr Kinder zu schreiben, ist die gr\u00f6\u00dfte Herausforderung. Und wenn es den Kindern gef\u00e4llt, ist es die gr\u00f6\u00dfte Belohnung. Vorlesen ist gro\u00dfartig! Wenn Ihr m\u00f6chtet, k\u00f6nnt Ihr mich f\u00fcr Lesungen buchen. In der Kita, in der Schule, zum Geburtstag. Je nach Altersgruppe wird die Textauswahl unterschiedlich sein. Alle Lesungen sind auch Mitmach-Lesungen. Fragt mich einfach. &hellip; <\/p>\n<p class=\"link-more\"><a href=\"http:\/\/stefanschwarck.de\/?page_id=173\" class=\"more-link\"><span class=\"screen-reader-text\">\u201etexte f\u00fcr kinder\u201c<\/span> weiterlesen<\/a><\/p>\n","protected":false},"author":1,"featured_media":0,"parent":0,"menu_order":0,"comment_status":"closed","ping_status":"closed","template":"","meta":{"pgc_sgb_lightbox_settings":"","footnotes":""},"class_list":["post-173","page","type-page","status-publish","hentry"],"_links":{"self":[{"href":"http:\/\/stefanschwarck.de\/index.php?rest_route=\/wp\/v2\/pages\/173","targetHints":{"allow":["GET"]}}],"collection":[{"href":"http:\/\/stefanschwarck.de\/index.php?rest_route=\/wp\/v2\/pages"}],"about":[{"href":"http:\/\/stefanschwarck.de\/index.php?rest_route=\/wp\/v2\/types\/page"}],"author":[{"embeddable":true,"href":"http:\/\/stefanschwarck.de\/index.php?rest_route=\/wp\/v2\/users\/1"}],"replies":[{"embeddable":true,"href":"http:\/\/stefanschwarck.de\/index.php?rest_route=%2Fwp%2Fv2%2Fcomments&post=173"}],"version-history":[{"count":7,"href":"http:\/\/stefanschwarck.de\/index.php?rest_route=\/wp\/v2\/pages\/173\/revisions"}],"predecessor-version":[{"id":191,"href":"http:\/\/stefanschwarck.de\/index.php?rest_route=\/wp\/v2\/pages\/173\/revisions\/191"}],"wp:attachment":[{"href":"http:\/\/stefanschwarck.de\/index.php?rest_route=%2Fwp%2Fv2%2Fmedia&parent=173"}],"curies":[{"name":"wp","href":"https:\/\/api.w.org\/{rel}","templated":true}]}}